{"id":200,"date":"2018-02-11T15:55:14","date_gmt":"2018-02-11T15:55:14","guid":{"rendered":"http:\/\/cms.pferdeosteopathie-martin.ch\/?page_id=200"},"modified":"2025-10-12T10:28:36","modified_gmt":"2025-10-12T10:28:36","slug":"osteopathie","status":"publish","type":"page","link":"https:\/\/www.pferdeosteopathie-martin.ch\/?page_id=200","title":{"rendered":"Osteopathie"},"content":{"rendered":"<p>Das Ziel der Osteopathie beruht darauf, eingeschr\u00e4nkte Beweglichkeiten aufzufinden und das physiologische Bewegungsausmass wiederherzustellen. Der funktionierende, gesunde Organismus &#8211; ob bei Mensch oder Tier &#8211; h\u00e4ngt im Wesentlichen vom Gleichgewicht all seiner Bewegungen ab. Durch die osteopathische Behandlung wird dem K\u00f6rper der n\u00f6tige Impuls zur Selbstheilung gegeben und die F\u00e4higkeit der Autoregulation stimuliert. Durch die zur\u00fcckgewonnene physiologische Beweglichkeit in den Gelenken und den optimierten Fluss s\u00e4mtlicher Bahnen, die den gesamten K\u00f6rper durchziehen, k\u00f6nnen sich innerhalb von 1-4 Wochen korrigierte &#171;neue Bewegungsprogramme&#187; festigen und verbessern. H\u00e4ufig reicht dazu eine einmalige Behandlung aus, um kompensatorische Bewegungsmuster sowie eingeschr\u00e4nkte Beweglichkeiten und Verspannungen zu l\u00f6sen. Es kann jedoch auch zu Dekompensationen oder anderen Kompensationen kommen, wodurch eine Nachbehandlung nach 2-4 Wochen n\u00f6tig wird.<\/p>\n<p>Zur Geschichte: Dr. A. T. Still (1828-1917) war Begr\u00fcnder der Humanosteopathie und errichtete die erste Schule f\u00fcr Osteopathie 1872 in Kirksville, USA. Durch einen seiner Sch\u00fcler wurde die Osteopathie 1917 nach Europa gebracht. W.G. Sutherland erforschte jahrelang die craniale Osteopathie und beschrieb diese erstmals im Jahr 1939. Der franz\u00f6sische Tierarzt Dr. med. vet. Dominique Giniaux \u00fcbertrug das Konzept der Humanosteopathie auf Pferde. Durch die Zusammenarbeit von Beatrix Schulte Wien, Pascal Evrard und der Tier\u00e4rztin Dr. Ina G\u00f6smeier wurde die Pferdeosteopathie auch nach Deutschland gebracht und 1997 die erste Ausbildungsst\u00e4tte f\u00fcr Pferdeosteopathen in D\u00fclmen gegr\u00fcndet &#8211; das Deutsche Institut f\u00fcr Pferdeosteopathie (DIPO).<\/p>\n<p>&nbsp;<\/p>\n<h1>Biotensegrales Training<\/h1>\n","protected":false},"excerpt":{"rendered":"<p>Das Ziel der Osteopathie beruht darauf, eingeschr\u00e4nkte Beweglichkeiten aufzufinden und das physiologische Bewegungsausmass wiederherzustellen. Der funktionierende, gesunde Organismus &#8211; ob bei Mensch oder Tier &#8211; h\u00e4ngt im Wesentlichen vom Gleichgewicht all seiner Bewegungen ab. Durch die osteopathische Behandlung wird dem K\u00f6rper der n\u00f6tige Impuls zur Selbstheilung gegeben und die F\u00e4higkeit der Autoregulation stimuliert. Durch die <a class=\"more-link\" href=\"https:\/\/www.pferdeosteopathie-martin.ch\/?page_id=200\">Continue reading <i class=\"fa fa-chevron-right\"><\/i><\/a><\/p>\n","protected":false},"author":1,"featured_media":0,"parent":78,"menu_order":0,"comment_status":"closed","ping_status":"closed","template":"","meta":{"ngg_post_thumbnail":0,"footnotes":""},"class_list":["post-200","page","type-page","status-publish","hentry"],"_links":{"self":[{"href":"https:\/\/www.pferdeosteopathie-martin.ch\/index.php?rest_route=\/wp\/v2\/pages\/200","targetHints":{"allow":["GET"]}}],"collection":[{"href":"https:\/\/www.pferdeosteopathie-martin.ch\/index.php?rest_route=\/wp\/v2\/pages"}],"about":[{"href":"https:\/\/www.pferdeosteopathie-martin.ch\/index.php?rest_route=\/wp\/v2\/types\/page"}],"author":[{"embeddable":true,"href":"https:\/\/www.pferdeosteopathie-martin.ch\/index.php?rest_route=\/wp\/v2\/users\/1"}],"replies":[{"embeddable":true,"href":"https:\/\/www.pferdeosteopathie-martin.ch\/index.php?rest_route=%2Fwp%2Fv2%2Fcomments&post=200"}],"version-history":[{"count":2,"href":"https:\/\/www.pferdeosteopathie-martin.ch\/index.php?rest_route=\/wp\/v2\/pages\/200\/revisions"}],"predecessor-version":[{"id":446,"href":"https:\/\/www.pferdeosteopathie-martin.ch\/index.php?rest_route=\/wp\/v2\/pages\/200\/revisions\/446"}],"up":[{"embeddable":true,"href":"https:\/\/www.pferdeosteopathie-martin.ch\/index.php?rest_route=\/wp\/v2\/pages\/78"}],"wp:attachment":[{"href":"https:\/\/www.pferdeosteopathie-martin.ch\/index.php?rest_route=%2Fwp%2Fv2%2Fmedia&parent=200"}],"curies":[{"name":"wp","href":"https:\/\/api.w.org\/{rel}","templated":true}]}}