{"id":203,"date":"2018-02-11T15:59:27","date_gmt":"2018-02-11T15:59:27","guid":{"rendered":"http:\/\/cms.pferdeosteopathie-martin.ch\/?page_id=203"},"modified":"2025-10-12T10:25:17","modified_gmt":"2025-10-12T10:25:17","slug":"ablauf-einer-behandlung","status":"publish","type":"page","link":"https:\/\/www.pferdeosteopathie-martin.ch\/?page_id=203","title":{"rendered":"Ablauf einer Behandlung"},"content":{"rendered":"<p>In einem Anamnesegespr\u00e4ch erhalte ich die wichtigsten Informationen zu Ihrem Pferd und Angaben zum aktuellen Hauptproblem. Darauf folgt ein Sichtbefund im Stehen sowie im Schritt und Trab um allf\u00e4llige Asymmetrien, Taktunreinheiten oder Lahmheiten festzustellen und um mir ein globales Bild der Bewegungsmuster Ihres Pferdes machen zu k\u00f6nnen. Im anschliessenden Tastbefund erfasse ich den Spannungszustand und m\u00f6gliche Auff\u00e4lligkeiten in den Geweben &nbsp;(Muskel- und Faszientonus, Verspannungen und Verklebungen, W\u00e4rme, Schwellungen, Verkn\u00f6cherungen, usw.). Zudem bietet der Tastbefund die M\u00f6glichkeit einer ersten ruhigen, vertrauensvollen Kontaktaufnahme mit Ihrem Pferd, was ein wichtiger Grundstein f\u00fcr eine entspannte Behandlung bildet. Die Beweglichkeit in den einzelnen Gelenken wird im Seitenvergleich getestet. Die Bewegungseinschr\u00e4nkungen werden mit den f\u00fcr Ihr Pferd passenden Techniken behandelt und gel\u00f6st um die Voraussetzungen zu schaffen, dass Ihr Pferd kompensatorische Bewegungsmuster aufgeben kann um neue, gesunderhaltende Bewegungsmuster erlernen und abrufen zu k\u00f6nnen. Das Erlernen und Festigen von funktionalen Bewegungsmustern stellt ein zentraler Teil meines Behandlungskonzeptes dar und findet &#8211; wie es der Name sagt &#8211; in Bewegung statt. An dieser Stelle wird der\/die Pferdebesitzer\/-in eingebunden und instruiert, die Bewegungs\u00fcbungen im Anschluss an die Behandlung in den t\u00e4glichen Umgang mit dem Pferd zu integrieren. Dies sichert die Nachhaltigkeit der Behandlung und tr\u00e4gt im Wesentlichen zur Gesunderhaltung des Bewegungsapparates bei. Nach dem Motto: &#171;so wie ich mich brauche, wachse ich&#187;. Das Pferd soll sp\u00fcren, wie es sich anf\u00fchlt, sich in funktionalen, dynamisch gut stabilisierten Bewegungsmustern zu bewegen. Es verkn\u00fcpft dieses Bewegungsgef\u00fchl positiv und wird mit der Zeit und der n\u00f6tigen Wiederholung das &#171;neue&#187; Bewegungsmuster in den automatisierten Bewegungsablauf integrieren.<\/p>\nngg_shortcode_0_placeholder\n","protected":false},"excerpt":{"rendered":"<p>In einem Anamnesegespr\u00e4ch erhalte ich die wichtigsten Informationen zu Ihrem Pferd und Angaben zum aktuellen Hauptproblem. Darauf folgt ein Sichtbefund im Stehen sowie im Schritt und Trab um allf\u00e4llige Asymmetrien, Taktunreinheiten oder Lahmheiten festzustellen und um mir ein globales Bild der Bewegungsmuster Ihres Pferdes machen zu k\u00f6nnen. Im anschliessenden Tastbefund erfasse ich den Spannungszustand und <a class=\"more-link\" href=\"https:\/\/www.pferdeosteopathie-martin.ch\/?page_id=203\">Continue reading <i class=\"fa fa-chevron-right\"><\/i><\/a><\/p>\n","protected":false},"author":1,"featured_media":0,"parent":78,"menu_order":0,"comment_status":"closed","ping_status":"closed","template":"","meta":{"ngg_post_thumbnail":0,"footnotes":""},"class_list":["post-203","page","type-page","status-publish","hentry"],"_links":{"self":[{"href":"https:\/\/www.pferdeosteopathie-martin.ch\/index.php?rest_route=\/wp\/v2\/pages\/203","targetHints":{"allow":["GET"]}}],"collection":[{"href":"https:\/\/www.pferdeosteopathie-martin.ch\/index.php?rest_route=\/wp\/v2\/pages"}],"about":[{"href":"https:\/\/www.pferdeosteopathie-martin.ch\/index.php?rest_route=\/wp\/v2\/types\/page"}],"author":[{"embeddable":true,"href":"https:\/\/www.pferdeosteopathie-martin.ch\/index.php?rest_route=\/wp\/v2\/users\/1"}],"replies":[{"embeddable":true,"href":"https:\/\/www.pferdeosteopathie-martin.ch\/index.php?rest_route=%2Fwp%2Fv2%2Fcomments&post=203"}],"version-history":[{"count":9,"href":"https:\/\/www.pferdeosteopathie-martin.ch\/index.php?rest_route=\/wp\/v2\/pages\/203\/revisions"}],"predecessor-version":[{"id":444,"href":"https:\/\/www.pferdeosteopathie-martin.ch\/index.php?rest_route=\/wp\/v2\/pages\/203\/revisions\/444"}],"up":[{"embeddable":true,"href":"https:\/\/www.pferdeosteopathie-martin.ch\/index.php?rest_route=\/wp\/v2\/pages\/78"}],"wp:attachment":[{"href":"https:\/\/www.pferdeosteopathie-martin.ch\/index.php?rest_route=%2Fwp%2Fv2%2Fmedia&parent=203"}],"curies":[{"name":"wp","href":"https:\/\/api.w.org\/{rel}","templated":true}]}}