{"id":80,"date":"2018-01-12T23:23:26","date_gmt":"2018-01-12T23:23:26","guid":{"rendered":"http:\/\/cms.pferdeosteopathie-martin.ch\/?page_id=80"},"modified":"2025-10-17T16:16:06","modified_gmt":"2025-10-17T16:16:06","slug":"links-2","status":"publish","type":"page","link":"https:\/\/www.pferdeosteopathie-martin.ch\/?page_id=80","title":{"rendered":"Partner"},"content":{"rendered":"<p><strong style=\"color: #000000;\"><a style=\"color: #000000;\" href=\"http:\/\/www.osteopathiezentrum.de\/pferdeosteopathie\" target=\"_blank\" rel=\"noopener\">Deutsches Institut f\u00fcr Pferdeosteopathie<br \/>\n<\/a><\/strong>DIPO<\/p>\n<p><a href=\"https:\/\/vetcheck.ch\/\"><strong>Pferdepraxis Vetcheck &#8211;&nbsp;<\/strong><em>gesunde Bewegung im Fokus<\/em><\/a>, Dr. Selma Latif<\/p>\n<p><a href=\"https:\/\/www.pferdekoerper-in-funktion.com\/\"><strong>Pferdek\u00f6rper in Funktion<\/strong><\/a>, Dr. Veronika von Rohrscheidt<\/p>\n<p><a href=\"https:\/\/www.physioteamplus.ch\/unser-angebot\/manuelle-therapie-triggerpunkttherapie-dry-needling-taping-foi-funktionelle-orthonomie-und-integration\/\"><strong>physioteam plus gmbh<\/strong> &#8211; <em>ganzheitliche Wirbels\u00e4ulen-\/Gelenkstherapie nach FOI f\u00fcr den Reiter<\/em><\/a>, Evelyne Martin<\/p>\n<p><strong><a href=\"https:\/\/www.tennekes-pferdesport.ch\" target=\"_blank\" rel=\"noopener\"><span style=\"color: #000000;\">Tennekes Pferdesport &#8211;&nbsp;<em>biomechanisch korrektes Reiten (BKR) und gesunderhaltendes Pferdetraining<\/em><br \/>\n<\/span><\/a><\/strong>Lianne Tennekes&nbsp;<\/p>\n<p><a href=\"https:\/\/vetcare.ch\/\"><strong>Vetcare<\/strong> &#8211; Pferde- und Kleintierpraxis<\/a><\/p>\n<p><a href=\"https:\/\/horsevetmaia.ch\/\"><strong>HorseVetMaia<\/strong><\/a>, Dr. med. vet. P\u00e4ivi Maia<\/p>\n<p><span style=\"color: #000000;\"><a style=\"color: #000000;\" href=\"https:\/\/www.ninabartlett.ch\" target=\"_blank\" rel=\"noopener\"><strong>Pferde-Akupunktur<\/strong><\/a><\/span><br \/>\nDr. med. vet. Nina Bartlett<\/p>\n<p><a href=\"https:\/\/www.pferdestimmen.ch\/\"><strong>pferdestimmen.ch<\/strong><\/a>, Layla Frehner, Pferdeverhaltenstrainerin IVK<\/p>\n<p><strong><a href=\"https:\/\/www.shoeing4soundness.ch\/\">Hufschmied Stefan Wehrli &#8211; shoeing4soundness<\/a><\/strong><\/p>\n<p><strong><span style=\"color: #000000;\"><a style=\"color: #000000;\" href=\"http:\/\/www.waefler-hufbeschlag.ch\" target=\"_blank\" rel=\"noopener\">Hufbeschlag W\u00e4fler<\/a><\/span><\/strong><br \/>\nPeter W\u00e4fler und Team<\/p>\n<p><span style=\"color: #000000;\"><a style=\"color: #000000;\" href=\"https:\/\/www.caschu-pferdefotos.ch\" target=\"_blank\" rel=\"noopener\"><strong>Caschu-Pferdefotos<\/strong><\/a><br \/>\n<\/span>Caroline Schunk<\/p>\n<p><span style=\"color: #000000;\"><a style=\"color: #000000;\" href=\"http:\/\/fotoface.ch\" target=\"_blank\" rel=\"noopener\"><strong>Fotoface Resele<\/strong><\/a><br \/>\nRoger Resele<\/span><\/p>\n<p><span style=\"color: #000000;\"><a style=\"color: #000000;\" href=\"https:\/\/www.tr-photography.ch\" target=\"_blank\" rel=\"noopener\"><strong>tr-photography<\/strong><\/a><br \/>\nTabitha Roth<\/span><\/p>\n<p><strong><span style=\"color: #000000;\"><a style=\"color: #000000;\" href=\"http:\/\/www.physio-zur-hard.ch\" target=\"_blank\" rel=\"noopener\">Physiotherapie zur Hard &#8211; Humanphysiotherapie und Craniosacraltherapie<\/a><\/span><\/strong><br \/>\nBrigitte Hartmann und Team<\/p>\n<p><span style=\"color: #000000;\"><strong><span style=\"color: #000000;\"><a style=\"color: #000000;\" href=\"http:\/\/www.therapie-fuer-pferde.ch\" target=\"_blank\" rel=\"noopener\">Therapie f\u00fcr Pferde &#8211; Pferdeosteopathie<\/a><\/span><br \/>\n<\/strong>Brigitte Hartmann<\/span><\/p>\n","protected":false},"excerpt":{"rendered":"<p>Deutsches Institut f\u00fcr Pferdeosteopathie DIPO Pferdepraxis Vetcheck &#8211;&nbsp;gesunde Bewegung im Fokus, Dr. Selma Latif Pferdek\u00f6rper in Funktion, Dr. Veronika von Rohrscheidt physioteam plus gmbh &#8211; ganzheitliche Wirbels\u00e4ulen-\/Gelenkstherapie nach FOI f\u00fcr den Reiter, Evelyne Martin Tennekes Pferdesport &#8211;&nbsp;biomechanisch korrektes Reiten (BKR) und gesunderhaltendes Pferdetraining Lianne Tennekes&nbsp; Vetcare &#8211; Pferde- und Kleintierpraxis HorseVetMaia, Dr. med. vet. P\u00e4ivi <a class=\"more-link\" href=\"https:\/\/www.pferdeosteopathie-martin.ch\/?page_id=80\">Continue reading <i class=\"fa fa-chevron-right\"><\/i><\/a><\/p>\n","protected":false},"author":1,"featured_media":0,"parent":0,"menu_order":0,"comment_status":"closed","ping_status":"closed","template":"","meta":{"ngg_post_thumbnail":0,"footnotes":""},"class_list":["post-80","page","type-page","status-publish","hentry"],"_links":{"self":[{"href":"https:\/\/www.pferdeosteopathie-martin.ch\/index.php?rest_route=\/wp\/v2\/pages\/80","targetHints":{"allow":["GET"]}}],"collection":[{"href":"https:\/\/www.pferdeosteopathie-martin.ch\/index.php?rest_route=\/wp\/v2\/pages"}],"about":[{"href":"https:\/\/www.pferdeosteopathie-martin.ch\/index.php?rest_route=\/wp\/v2\/types\/page"}],"author":[{"embeddable":true,"href":"https:\/\/www.pferdeosteopathie-martin.ch\/index.php?rest_route=\/wp\/v2\/users\/1"}],"replies":[{"embeddable":true,"href":"https:\/\/www.pferdeosteopathie-martin.ch\/index.php?rest_route=%2Fwp%2Fv2%2Fcomments&post=80"}],"version-history":[{"count":16,"href":"https:\/\/www.pferdeosteopathie-martin.ch\/index.php?rest_route=\/wp\/v2\/pages\/80\/revisions"}],"predecessor-version":[{"id":456,"href":"https:\/\/www.pferdeosteopathie-martin.ch\/index.php?rest_route=\/wp\/v2\/pages\/80\/revisions\/456"}],"wp:attachment":[{"href":"https:\/\/www.pferdeosteopathie-martin.ch\/index.php?rest_route=%2Fwp%2Fv2%2Fmedia&parent=80"}],"curies":[{"name":"wp","href":"https:\/\/api.w.org\/{rel}","templated":true}]}}